{"id":364,"date":"2023-02-28T01:32:58","date_gmt":"2023-02-28T01:32:58","guid":{"rendered":"https:\/\/somosgrupofjm.com\/?post_type=product&#038;p=364"},"modified":"2026-02-20T22:01:38","modified_gmt":"2026-02-20T22:01:38","slug":"generador-de-energia-generac-gp7500e","status":"publish","type":"product","link":"https:\/\/somosgrupofjm.com\/index.php\/product\/generador-de-energia-generac-gp7500e\/","title":{"rendered":"Generador de Energ\u00eda Generac GP7500E"},"content":{"rendered":"<p>Especificaciones:<\/p>\n<p>El<strong>\u00a0generador GP7500E<\/strong>\u00a0es un generador port\u00e1til dise\u00f1ado para abastecer de energ\u00eda el\u00e9ctrica aparatos electrodom\u00e9sticos y\/o herramientas el\u00e9ctricas en sitios aislados donde no hay disponibilidad de energ\u00eda el\u00e9ctrica fija.<\/p>\n<ul>\n<li>El\u00a0<strong>GP7500E<\/strong>\u00a0ofrece una soluci\u00f3n econ\u00f3mica para las aplicaciones de recreaci\u00f3n.<\/li>\n<li>Tiene el tama\u00f1o perfecto para reuniones informales, campamentos y el uso de herramientas el\u00e9ctricas ligeras.<\/li>\n<li>Cuenta con un motor de arranque el\u00e9ctrico y opci\u00f3n para arranque manual.<\/li>\n<li>Con el generador el\u00e9ctrico\u00a0<strong>GP7500E<\/strong>\u00a0usted obtendr\u00e1 energ\u00eda el\u00e9ctrica en cualquier sitio de manera confiable y segura, para que sus actividades al aire libre nunca paren.<\/li>\n<\/ul>\n","protected":false},"excerpt":{"rendered":"<div class=\"elementor-element elementor-element-547c6de9 ob-harakiri-inherit ob-has-background-overlay elementor-widget elementor-widget-text-editor ob-harakiri\" data-id=\"547c6de9\" data-element_type=\"widget\" data-settings=\"{&quot;_ob_use_harakiri&quot;:&quot;yes&quot;,&quot;_ob_harakiri_writing_mode&quot;:&quot;inherit&quot;,&quot;_ob_postman_use&quot;:&quot;no&quot;,&quot;_ob_perspektive_use&quot;:&quot;no&quot;,&quot;_ob_poopart_use&quot;:&quot;yes&quot;,&quot;_ob_shadough_use&quot;:&quot;no&quot;,&quot;_ob_allow_hoveranimator&quot;:&quot;no&quot;,&quot;_ob_widget_stalker_use&quot;:&quot;no&quot;}\" data-widget_type=\"text-editor.default\">\n<div class=\"elementor-widget-container\">Potencia 7500 kW<\/div>\n<\/div>\n<div class=\"elementor-element elementor-element-55eef9f ob-has-background-overlay elementor-widget elementor-widget-jet-listing-dynamic-field\" data-id=\"55eef9f\" data-element_type=\"widget\" data-settings=\"{&quot;_ob_perspektive_use&quot;:&quot;no&quot;,&quot;_ob_poopart_use&quot;:&quot;yes&quot;,&quot;_ob_shadough_use&quot;:&quot;no&quot;,&quot;_ob_allow_hoveranimator&quot;:&quot;no&quot;,&quot;_ob_widget_stalker_use&quot;:&quot;no&quot;}\" data-widget_type=\"jet-listing-dynamic-field.default\">\n<div class=\"elementor-widget-container\">\n<div class=\"jet-listing jet-listing-dynamic-field display-inline\">\n<div class=\"jet-listing-dynamic-field__inline-wrap\">\n<div class=\"jet-listing-dynamic-field__content\">Marca: Generac<\/div>\n<\/div>\n<\/div>\n<\/div>\n<\/div>\n<div class=\"elementor-element elementor-element-c1a1316 ob-has-background-overlay elementor-widget elementor-widget-jet-listing-dynamic-field\" data-id=\"c1a1316\" data-element_type=\"widget\" data-settings=\"{&quot;_ob_perspektive_use&quot;:&quot;no&quot;,&quot;_ob_poopart_use&quot;:&quot;yes&quot;,&quot;_ob_shadough_use&quot;:&quot;no&quot;,&quot;_ob_allow_hoveranimator&quot;:&quot;no&quot;,&quot;_ob_widget_stalker_use&quot;:&quot;no&quot;}\" data-widget_type=\"jet-listing-dynamic-field.default\">\n<div class=\"elementor-widget-container\">\n<div class=\"jet-listing jet-listing-dynamic-field display-inline\">\n<div class=\"jet-listing-dynamic-field__inline-wrap\">\n<div class=\"jet-listing-dynamic-field__content\">Modelo: GP7500E<\/div>\n<\/div>\n<\/div>\n<\/div>\n<\/div>\n","protected":false},"featured_media":365,"comment_status":"open","ping_status":"closed","template":"","meta":{"om_disable_all_campaigns":false,"_mi_skip_tracking":false,"_joinchat":[]},"product_cat":[39,26],"product_tag":[],"aioseo_notices":[],"_links":{"self":[{"href":"https:\/\/somosgrupofjm.com\/index.php\/wp-json\/wp\/v2\/product\/364"}],"collection":[{"href":"https:\/\/somosgrupofjm.com\/index.php\/wp-json\/wp\/v2\/product"}],"about":[{"href":"https:\/\/somosgrupofjm.com\/index.php\/wp-json\/wp\/v2\/types\/product"}],"replies":[{"embeddable":true,"href":"https:\/\/somosgrupofjm.com\/index.php\/wp-json\/wp\/v2\/comments?post=364"}],"wp:featuredmedia":[{"embeddable":true,"href":"https:\/\/somosgrupofjm.com\/index.php\/wp-json\/wp\/v2\/media\/365"}],"wp:attachment":[{"href":"https:\/\/somosgrupofjm.com\/index.php\/wp-json\/wp\/v2\/media?parent=364"}],"wp:term":[{"taxonomy":"product_cat","embeddable":true,"href":"https:\/\/somosgrupofjm.com\/index.php\/wp-json\/wp\/v2\/product_cat?post=364"},{"taxonomy":"product_tag","embeddable":true,"href":"https:\/\/somosgrupofjm.com\/index.php\/wp-json\/wp\/v2\/product_tag?post=364"}],"curies":[{"name":"wp","href":"https:\/\/api.w.org\/{rel}","templated":true}]}}