{"id":336,"date":"2023-02-25T16:56:33","date_gmt":"2023-02-25T16:56:33","guid":{"rendered":"https:\/\/somosgrupofjm.com\/?post_type=product&#038;p=336"},"modified":"2026-02-20T22:01:38","modified_gmt":"2026-02-20T22:01:38","slug":"rodillos-wacker-neuson-rd12","status":"publish","type":"product","link":"https:\/\/somosgrupofjm.com\/index.php\/product\/rodillos-wacker-neuson-rd12\/","title":{"rendered":"Rodillos WACKER NEUSON RD12"},"content":{"rendered":"<p>Especificaciones:<\/p>\n<p><em>Rodillos de alto rendimiento para excelentes resultados de compactaci\u00f3n<\/em><\/p>\n<p><strong>DIMENSIONES GENERALES WACKER RD12DIMENSIONES GENERALES WACKER RD12 \/ MEDIDAS DE TRABAJO<\/strong><br \/>\n<strong>A \u2013<\/strong>\u00a0Largo de maquina\u00a0<strong>\/\u00a0\u00a0<\/strong>1.88 metros<br \/>\n<strong>B \u2013<\/strong>\u00a0Ancho de maquinaB\u00a0<strong>\/\u00a0<\/strong>0.986 metros<br \/>\n<strong>C \u2013<\/strong>\u00a0Altura de m\u00e1quina hasta cabina\u00a0<strong>\/\u00a0<\/strong>2.30 metros<\/p>\n<p><strong>TANQUE DE COMBUSTIBLE<\/strong>\u00a023.8 Lts<br \/>\n<strong>TANQUE DE AGUA<\/strong>\u00a0131 Lts<br \/>\n<strong>PESO OPERACIONAL<\/strong>\u00a01.5 ton<br \/>\n<strong>FRECUENCIA DE VIBRACIONES<\/strong>\u00a070 Hz<br \/>\n<strong>RENDIMIENTO SUPERFICIAL ZONA<\/strong>\u00a07.246 m^\u00b2\/hora<br \/>\n<strong>TIPO DE MOTOR<\/strong>\u00a0Motor a gasolina marca HONDA GX630<\/p>\n<p>El rodillo vibratorio t\u00e1ndem RD12 con una anchura de tambor de 900 mm (35,4 inch) y un peso operativo total de 1,2 toneladas incluye un accionamiento en ambos tambores y un chasis articulado para una excelente maniobrabilidad.<\/p>\n<p>La vibraci\u00f3n del tambor delantero y un tambor trasero est\u00e1tico ofrecen un rodillo compacto y de alta eficiencia para una amplia variedad de trabajos.<\/p>\n<p>Esta m\u00e1quina es id\u00f3nea para la compactaci\u00f3n comercial y residencial de asfalto y materiales de capas bases granulares.<\/p>\n<p>Sus principales aplicaciones incluyen zonas de aparcamiento, calzadas, carreteras secundarias y senderos naturales. Adem\u00e1s, el RD12 se utiliza para la colocaci\u00f3n de c\u00e9spedes en los segmentos del paisajismo y el golf.<\/p>\n","protected":false},"excerpt":{"rendered":"<p>Especificaciones: Rodillos de alto rendimiento para excelentes resultados de compactaci\u00f3n DIMENSIONES GENERALES WACKER RD12DIMENSIONES GENERALES WACKER RD12 \/ MEDIDAS DE TRABAJO A \u2013\u00a0Largo de maquina\u00a0\/\u00a0\u00a01.88 metros B \u2013\u00a0Ancho de maquinaB\u00a0\/\u00a00.986 metros C \u2013\u00a0Altura de m\u00e1quina hasta cabina\u00a0\/\u00a02.30 metros TANQUE DE COMBUSTIBLE\u00a023.8 Lts TANQUE DE AGUA\u00a0131 Lts PESO OPERACIONAL\u00a01.5 ton FRECUENCIA DE VIBRACIONES\u00a070 Hz RENDIMIENTO SUPERFICIAL [&hellip;]<\/p>\n","protected":false},"featured_media":337,"comment_status":"open","ping_status":"closed","template":"","meta":{"om_disable_all_campaigns":false,"_mi_skip_tracking":false,"_joinchat":[]},"product_cat":[25,31],"product_tag":[],"aioseo_notices":[],"_links":{"self":[{"href":"https:\/\/somosgrupofjm.com\/index.php\/wp-json\/wp\/v2\/product\/336"}],"collection":[{"href":"https:\/\/somosgrupofjm.com\/index.php\/wp-json\/wp\/v2\/product"}],"about":[{"href":"https:\/\/somosgrupofjm.com\/index.php\/wp-json\/wp\/v2\/types\/product"}],"replies":[{"embeddable":true,"href":"https:\/\/somosgrupofjm.com\/index.php\/wp-json\/wp\/v2\/comments?post=336"}],"wp:featuredmedia":[{"embeddable":true,"href":"https:\/\/somosgrupofjm.com\/index.php\/wp-json\/wp\/v2\/media\/337"}],"wp:attachment":[{"href":"https:\/\/somosgrupofjm.com\/index.php\/wp-json\/wp\/v2\/media?parent=336"}],"wp:term":[{"taxonomy":"product_cat","embeddable":true,"href":"https:\/\/somosgrupofjm.com\/index.php\/wp-json\/wp\/v2\/product_cat?post=336"},{"taxonomy":"product_tag","embeddable":true,"href":"https:\/\/somosgrupofjm.com\/index.php\/wp-json\/wp\/v2\/product_tag?post=336"}],"curies":[{"name":"wp","href":"https:\/\/api.w.org\/{rel}","templated":true}]}}