{"id":328,"date":"2023-02-25T16:46:03","date_gmt":"2023-02-25T16:46:03","guid":{"rendered":"https:\/\/somosgrupofjm.com\/?post_type=product&#038;p=328"},"modified":"2026-02-20T22:08:18","modified_gmt":"2026-02-20T22:08:18","slug":"retroexcavadora-jcb-214e-y-3c-plus","status":"publish","type":"product","link":"https:\/\/somosgrupofjm.com\/index.php\/product\/retroexcavadora-jcb-214e-y-3c-plus\/","title":{"rendered":"Retroexcavadora JCB 214E y 3C Plus"},"content":{"rendered":"<p>Especificaciones:<\/p>\n<p>&nbsp;<\/p>\n<p><em>Todas las retroexcavadoras incluyen mano de chanco y martillo.<\/em><\/p>\n<p><strong>DIMENSIONES GENERALES JCB 214E y 3C14FTT \/ MEDIDAS DE TRABAJO<\/strong><br \/>\nA \u2013 Largo con cucharon al piso \/ 7.04 metros<br \/>\nB \u2013 Altura m\u00e1xima de transporte \/ 3.40 metros<br \/>\nC \u2013 Altura de cabina \/ 2.82 metros<br \/>\nD &#8211; Ancho con cuchar\u00f3n \/ 2.24 metros<br \/>\nE \u2013 Altura m\u00e1xima de operaci\u00f3n \/ 5.38 metros<br \/>\nF \u2013 Profundidad m\u00e1xima de operaci\u00f3n \/ 4.45 metros<br \/>\nG \u2013 Alcance m\u00e1ximo de operaci\u00f3n \/ 5.44 metros<br \/>\nH \u2013 Altura m\u00e1xima de cuchar\u00f3n \/ 4.06 metros<\/p>\n<p><strong>CAPACIDAD DE CUCHARON<\/strong>\u00a0Cucharon de usos generales de 1 m^\u00b3 con terminaci\u00f3n de cuchilla.<br \/>\n<strong>TIPO DE MOTOR<\/strong>\u00a0444 Turbo cargado de 4 cilindros.<br \/>\n<strong>TANQUE DE COMBUSTIBLE<\/strong>\u00a0160 Lts.<br \/>\n<strong>PESO OPERACIONAL (PESO DEL EQUIPO)<\/strong>\u00a06467 kg.<br \/>\nP<strong>OTENCIA BRUTA<\/strong>\u00a092 HP a 2200 RPM.<\/p>\n<p>Una\u00a0<strong>retroexcavadora<\/strong>\u00a0es una m\u00e1quina autopropulsada sobre ruedas que cuenta con un bastidor desarrollado para montar un\u00a0equipo de retro excavaci\u00f3n\u00a0trasero y otro de carga frontal que pueden ser empleados de forma alternativa. La definici\u00f3n ser\u00e1 m\u00e1s o menos clara seg\u00fan los conocimientos de quien lo lea, por lo que se entender\u00e1 mejor\u00a0qu\u00e9 es una\u00a0<strong>retroexcavadora<\/strong>\u00a0una vez que expliquemos sus usos.<\/p>\n<p>Este equipo se puede emplear como\u00a0excavadora. Para ello, trabaja bajo el nivel del suelo y efect\u00faa un movimiento de cuchara en direcci\u00f3n a la m\u00e1quina. Para luego\u00a0elevar, recoger y transportar los materiales\u00a0que haya recogido del suelo.<\/p>\n<p>Pero esta \u00fatil m\u00e1quina no se emplea s\u00f3lo como\u00a0<a href=\"https:\/\/jlcconstrucciones.com.mx\/categoria-maquinas\/excavadoras\/\">excavadora<\/a>, tambi\u00e9n se puede utilizar como como\u00a0cargadora. Ya que una\u00a0<strong>retroexcavadora<\/strong>\u00a0es capaz de cargar o bien excavar a trav\u00e9s de su desplazamiento. Mientras que el movimiento de su brazo hace posible que se pueda elevar, transportar y\u00a0descargar los materiales.<\/p>\n<p>Esta m\u00e1quina se emplea especialmente para la\u00a0carga de materiales\u00a0y el transporte a distancias cortas. As\u00ed como para\u00a0abrir zanjas para aguas\u00a0o bien\u00a0alcantarillados y cualquier trabajo de\u00a0movimiento de tierras, el\u00a0relleno de zanjas\u00a0o bien terraplenes. Su utilizaci\u00f3n resultar tambi\u00e9n \u00fatil en \u00e1reas de\u00a0tratamiento de residuos\u00a0debido a su gran potencia.<\/p>\n<p>Si quieres conocer m\u00e1s detalles acerca de nuestro trabajo como\u00a0expertos en derribos y los medios que empleamos, navega por nuestro sitio y todos los\u00a0<a href=\"https:\/\/jlcconstrucciones.com.mx\/servicios-extra\/\">servicios<\/a>\u00a0que ofrecemos. Del mismo modo que te animamos a ponerte en\u00a0<a href=\"https:\/\/derribosmadrid.com\/contacto\/\">contacto<\/a>\u00a0con nosotros para solicitar informaci\u00f3n sobre nuestros servicios. Inf\u00f3rmate sin compromiso.<\/p>\n","protected":false},"excerpt":{"rendered":"<p>Potencia: 92 HP<\/p>\n<p>Marca: JCB<\/p>\n<p>Modelo: 214E y 3C Plus<\/p>\n<p>Peso: 6467 kg<\/p>\n","protected":false},"featured_media":329,"comment_status":"open","ping_status":"closed","template":"","meta":{"om_disable_all_campaigns":false,"_mi_skip_tracking":false,"_joinchat":[]},"product_cat":[25,29],"product_tag":[],"aioseo_notices":[],"_links":{"self":[{"href":"https:\/\/somosgrupofjm.com\/index.php\/wp-json\/wp\/v2\/product\/328"}],"collection":[{"href":"https:\/\/somosgrupofjm.com\/index.php\/wp-json\/wp\/v2\/product"}],"about":[{"href":"https:\/\/somosgrupofjm.com\/index.php\/wp-json\/wp\/v2\/types\/product"}],"replies":[{"embeddable":true,"href":"https:\/\/somosgrupofjm.com\/index.php\/wp-json\/wp\/v2\/comments?post=328"}],"wp:featuredmedia":[{"embeddable":true,"href":"https:\/\/somosgrupofjm.com\/index.php\/wp-json\/wp\/v2\/media\/329"}],"wp:attachment":[{"href":"https:\/\/somosgrupofjm.com\/index.php\/wp-json\/wp\/v2\/media?parent=328"}],"wp:term":[{"taxonomy":"product_cat","embeddable":true,"href":"https:\/\/somosgrupofjm.com\/index.php\/wp-json\/wp\/v2\/product_cat?post=328"},{"taxonomy":"product_tag","embeddable":true,"href":"https:\/\/somosgrupofjm.com\/index.php\/wp-json\/wp\/v2\/product_tag?post=328"}],"curies":[{"name":"wp","href":"https:\/\/api.w.org\/{rel}","templated":true}]}}